{"id":20,"date":"2017-12-13T14:33:56","date_gmt":"2017-12-13T14:33:56","guid":{"rendered":"http:\/\/gala-adam.com\/?page_id=20"},"modified":"2026-05-08T21:32:05","modified_gmt":"2026-05-08T21:32:05","slug":"text-text","status":"publish","type":"page","link":"https:\/\/gala-adam.com\/?page_id=20","title":{"rendered":"TEXTE\/ TEXTS"},"content":{"rendered":"<h5>was ich tue\/ artistic statement<\/h5>\n<p>Meine k\u00fcnstlerische Praxis ist eine fortlaufende Auseinandersetzung mit der Frage, wie Wissen in Objekten gespeichert ist und wie Artefakte als Denk- und Erinnerungsprothesen fungieren. Ich arbeite an den Schnittstellen von Malerei, Skulptur, Zeichnung und Installation, immer mit dem Blick darauf, wie Materialien Bedeutung tragen und in kulturelle Zusammenh\u00e4nge eingebettet sind.<\/p>\n<p>Mich interessiert, wie Dinge Geschichten erz\u00e4hlen \u2013 nicht nur durch ihre Form und Oberfl\u00e4che, sondern auch durch die Assoziationen und Erinnerungen, die sie hervorrufen. Wo verlaufen die Grenzen zwischen pers\u00f6nlichem Erleben und kollektivem Ged\u00e4chtnis? Welche Narrative entstehen durch Neuordnung, Kontextverschiebung oder Inszenierung?<br \/>\nMein Werk bewegt sich zwischen diesen Fragestellungen und entwickelt sich in Serien oder Werkgruppen, die ich h\u00e4ufig unter dem Begriff STUDIOLO zusammenfasse. Angelehnt an die Gelehrtenzimmer der Renaissance dient dieser Begriff als Sinnbild f\u00fcr meine Arbeitsweise: das Sammeln, Beobachten, Hinterfragen und Neu-Kontextualisieren.<\/p>\n<p>Ein wichtiger Teil meines Prozesses ist das Anlegen und Erweitern eines Bild- und Zeichnungsarchivs, das als Grundlage f\u00fcr meine Werke dient. Aus diesem Fundus heraus ent-<br \/>\nstehen Arbeiten, die sich je nach Thema und inhaltlicher Notwendigkeit in verschiedene Medien \u00fcbersetzen \u2013 von Malerei und Zeichnung \u00fcber skulpturale Objekte bis hin zu raum-<br \/>\ngreifenden Installationen. Ich verstehe Materialwahl und Technik nicht als feste Kategorien, sondern als offene M\u00f6glichkeiten, die sich aus der jeweiligen inhaltlichen Auseinandersetzung ergeben.<\/p>\n<p>Meine Werke laden dazu ein, sich auf vielschichtige Weise mit ihnen auseinanderzusetzen\u2013 sei es durch haptische, visuelle oder gedankliche Ann\u00e4herung. Sie thematisieren \u00dcberg\u00e4nge und Schnittstellen, fordern unterschiedliche Perspektiven heraus und \u00f6ffnen einen Raum f\u00fcr neue Verbindungen zwischen Geschichte, Gegenwart und individueller Wahrnehmung.<\/p>\n<h5><\/h5>\n<h5>Texte \u00fcber mich\/ Texts about me<\/h5>\n<p><a href=\"https:\/\/kuneonline.net\/2024\/03\/11\/im-gespraech-mit-gala-adam\/\">Gespr\u00e4ch<\/a> mit Gitta Bertram f\u00fcr KuneOnline<\/p>\n<div><a href=\"https:\/\/www.boesner.com\/kunst-material\">Interview<\/a> mit Julia Behrens f\u00fcr Kunst+Material,<\/div>\n<div><em>boesner GmbH holding + Innovations (Hrsg.), Kunst+Material, Ausgabe Mai\/Juni 2026, S. 6-17<\/em><\/div>\n<p>&nbsp;<\/p>\n<h5>Vortr\u00e4ge \/ lecture<\/h5>\n<p>Sammeln \u2013 Artefakte als Denk- und Erinnerungsprothesen \/ \u2028Gala Adam <em><a href=\"https:\/\/www.kuenstlerischegestaltungslehren.de\/portfolio\/im_material-2023\/\">GKG e.V.<\/a> Symposium Im_Material, <\/em><em>14.\u201315. September 2023, <\/em><em>LUH Hannover<\/em><b><\/b><\/p>\n<p>&nbsp;<\/p>\n<h5>Texte von mir\/ Texts by me<\/h5>\n<p><a style=\"color: #339966;\" href=\"http:\/\/gala-adam.com\/wp-content\/uploads\/2017\/12\/Vom-Sein-und-Schein.doc\">Vom Sein und Schein<\/a><\/p>\n","protected":false},"excerpt":{"rendered":"<p>was ich tue\/ artistic statement Meine k\u00fcnstlerische Praxis ist eine fortlaufende Auseinandersetzung mit der Frage, wie Wissen in Objekten gespeichert ist und wie Artefakte als Denk- und Erinnerungsprothesen fungieren. Ich arbeite an den Schnittstellen von Malerei, Skulptur, Zeichnung und Installation, immer mit dem Blick darauf, wie Materialien Bedeutung tragen und in kulturelle Zusammenh\u00e4nge eingebettet sind. [&hellip;]<\/p>\n","protected":false},"author":1,"featured_media":0,"parent":37,"menu_order":1,"comment_status":"closed","ping_status":"closed","template":"","meta":{"footnotes":""},"class_list":["post-20","page","type-page","status-publish","hentry","missing-thumbnail"],"_links":{"self":[{"href":"https:\/\/gala-adam.com\/index.php?rest_route=\/wp\/v2\/pages\/20","targetHints":{"allow":["GET"]}}],"collection":[{"href":"https:\/\/gala-adam.com\/index.php?rest_route=\/wp\/v2\/pages"}],"about":[{"href":"https:\/\/gala-adam.com\/index.php?rest_route=\/wp\/v2\/types\/page"}],"author":[{"embeddable":true,"href":"https:\/\/gala-adam.com\/index.php?rest_route=\/wp\/v2\/users\/1"}],"replies":[{"embeddable":true,"href":"https:\/\/gala-adam.com\/index.php?rest_route=%2Fwp%2Fv2%2Fcomments&post=20"}],"version-history":[{"count":100,"href":"https:\/\/gala-adam.com\/index.php?rest_route=\/wp\/v2\/pages\/20\/revisions"}],"predecessor-version":[{"id":1627,"href":"https:\/\/gala-adam.com\/index.php?rest_route=\/wp\/v2\/pages\/20\/revisions\/1627"}],"up":[{"embeddable":true,"href":"https:\/\/gala-adam.com\/index.php?rest_route=\/wp\/v2\/pages\/37"}],"wp:attachment":[{"href":"https:\/\/gala-adam.com\/index.php?rest_route=%2Fwp%2Fv2%2Fmedia&parent=20"}],"curies":[{"name":"wp","href":"https:\/\/api.w.org\/{rel}","templated":true}]}}